{"id":27,"date":"2025-01-16T18:30:39","date_gmt":"2025-01-16T17:30:39","guid":{"rendered":"https:\/\/xn--rndeskytteforening-g4b.dk\/?page_id=27"},"modified":"2025-02-06T11:41:43","modified_gmt":"2025-02-06T10:41:43","slug":"velkommen-til-roende-skytteforening","status":"publish","type":"page","link":"https:\/\/xn--rndeskytteforening-g4b.dk\/","title":{"rendered":"R\u00f8nde Skytteforening"},"content":{"rendered":"<p>R\u00f8nde Skytteforening er for dig, som vil dyrke en utraditionel sport, hvor det ikke n\u00f8dvendigvis er fysisk styrke, men psykisk balance og en god koncentration, der afg\u00f8r resultatet. Uanset om du har lyst til at skyde med pistol eller riffel, er du altid velkommen, s\u00e5 du kan se, om\u00a0 det er en sport for dig.<\/p>\n<p>Alle er velkomne i foreningen &#8211; unge som gamle &#8211; dreng eller pige. Skydning kr\u00e6ver i starten ingen specielle foruds\u00e6tninger, hvad ang\u00e5r fysik eller kondition. Skydning er dermed en idr\u00e6t, som hele familien kan samles om.<\/p>\n<p>&nbsp;<\/p>\n\n\n<div class=\"wp-block-columns is-layout-flex wp-container-core-columns-is-layout-9d6595d7 wp-block-columns-is-layout-flex\">\n<div class=\"wp-block-column is-layout-flow wp-block-column-is-layout-flow\" style=\"flex-basis:100%\"><\/div>\n<\/div>\n\n\n\n<figure class=\"wp-block-image size-large\"><img loading=\"lazy\" decoding=\"async\" width=\"1024\" height=\"386\" src=\"http:\/\/xn--rndeskytteforening-g4b.dk\/wp-content\/uploads\/2025\/01\/DSC_8454-1024x386.jpg\" alt=\"\" class=\"wp-image-157\" srcset=\"https:\/\/xn--rndeskytteforening-g4b.dk\/wp-content\/uploads\/2025\/01\/DSC_8454-1024x386.jpg 1024w, https:\/\/xn--rndeskytteforening-g4b.dk\/wp-content\/uploads\/2025\/01\/DSC_8454-300x113.jpg 300w, https:\/\/xn--rndeskytteforening-g4b.dk\/wp-content\/uploads\/2025\/01\/DSC_8454-768x290.jpg 768w, https:\/\/xn--rndeskytteforening-g4b.dk\/wp-content\/uploads\/2025\/01\/DSC_8454-1536x579.jpg 1536w, https:\/\/xn--rndeskytteforening-g4b.dk\/wp-content\/uploads\/2025\/01\/DSC_8454-2048x772.jpg 2048w\" sizes=\"auto, (max-width: 767px) 89vw, (max-width: 1000px) 54vw, (max-width: 1071px) 543px, 580px\" \/><\/figure>\n\n\n\n<div class=\"wp-block-columns is-layout-flex wp-container-core-columns-is-layout-9d6595d7 wp-block-columns-is-layout-flex\">\n<div class=\"wp-block-column is-layout-flow wp-block-column-is-layout-flow\"><\/div>\n\n\n\n<div class=\"wp-block-column is-layout-flow wp-block-column-is-layout-flow\"><\/div>\n\n\n\n<div class=\"wp-block-column is-layout-flow wp-block-column-is-layout-flow\"><\/div>\n<\/div>\n\n\n\n<figure class=\"wp-block-image size-large\"><img loading=\"lazy\" decoding=\"async\" width=\"1024\" height=\"683\" src=\"http:\/\/xn--rndeskytteforening-g4b.dk\/wp-content\/uploads\/2025\/01\/DSC_8479-1024x683.jpg\" alt=\"\" class=\"wp-image-159\" srcset=\"https:\/\/xn--rndeskytteforening-g4b.dk\/wp-content\/uploads\/2025\/01\/DSC_8479-1024x683.jpg 1024w, https:\/\/xn--rndeskytteforening-g4b.dk\/wp-content\/uploads\/2025\/01\/DSC_8479-300x200.jpg 300w, https:\/\/xn--rndeskytteforening-g4b.dk\/wp-content\/uploads\/2025\/01\/DSC_8479-768x512.jpg 768w, https:\/\/xn--rndeskytteforening-g4b.dk\/wp-content\/uploads\/2025\/01\/DSC_8479-1536x1024.jpg 1536w, https:\/\/xn--rndeskytteforening-g4b.dk\/wp-content\/uploads\/2025\/01\/DSC_8479-2048x1365.jpg 2048w\" sizes=\"auto, (max-width: 767px) 89vw, (max-width: 1000px) 54vw, (max-width: 1071px) 543px, 580px\" \/><\/figure>\n\n\n\n<div class=\"wp-block-columns is-layout-flex wp-container-core-columns-is-layout-9d6595d7 wp-block-columns-is-layout-flex\">\n<div class=\"wp-block-column is-layout-flow wp-block-column-is-layout-flow\"><\/div>\n\n\n\n<div class=\"wp-block-column is-layout-flow wp-block-column-is-layout-flow\"><\/div>\n\n\n\n<div class=\"wp-block-column is-layout-flow wp-block-column-is-layout-flow\"><\/div>\n<\/div>\n\n\n\n<div class=\"wp-block-columns is-layout-flex wp-container-core-columns-is-layout-9d6595d7 wp-block-columns-is-layout-flex\">\n<div class=\"wp-block-column is-layout-flow wp-block-column-is-layout-flow\">\n<figure class=\"wp-block-image size-large is-resized\"><img loading=\"lazy\" decoding=\"async\" width=\"1024\" height=\"683\" src=\"http:\/\/xn--rndeskytteforening-g4b.dk\/wp-content\/uploads\/2025\/01\/DSC_8545-1024x683.jpg\" alt=\"\" class=\"wp-image-165\" style=\"width:166px;height:auto\" srcset=\"https:\/\/xn--rndeskytteforening-g4b.dk\/wp-content\/uploads\/2025\/01\/DSC_8545-1024x683.jpg 1024w, https:\/\/xn--rndeskytteforening-g4b.dk\/wp-content\/uploads\/2025\/01\/DSC_8545-300x200.jpg 300w, https:\/\/xn--rndeskytteforening-g4b.dk\/wp-content\/uploads\/2025\/01\/DSC_8545-768x512.jpg 768w, https:\/\/xn--rndeskytteforening-g4b.dk\/wp-content\/uploads\/2025\/01\/DSC_8545-1536x1024.jpg 1536w, https:\/\/xn--rndeskytteforening-g4b.dk\/wp-content\/uploads\/2025\/01\/DSC_8545-2048x1365.jpg 2048w\" sizes=\"auto, (max-width: 767px) 89vw, (max-width: 1000px) 54vw, (max-width: 1071px) 543px, 580px\" \/><\/figure>\n<\/div>\n\n\n\n<div class=\"wp-block-column is-layout-flow wp-block-column-is-layout-flow\">\n<figure class=\"wp-block-image size-large\"><img loading=\"lazy\" decoding=\"async\" width=\"1024\" height=\"577\" src=\"https:\/\/xn--rndeskytteforening-g4b.dk\/wp-content\/uploads\/2025\/02\/20250131_162537-1024x577.jpg\" alt=\"\" class=\"wp-image-200\" srcset=\"https:\/\/xn--rndeskytteforening-g4b.dk\/wp-content\/uploads\/2025\/02\/20250131_162537-1024x577.jpg 1024w, https:\/\/xn--rndeskytteforening-g4b.dk\/wp-content\/uploads\/2025\/02\/20250131_162537-300x169.jpg 300w, https:\/\/xn--rndeskytteforening-g4b.dk\/wp-content\/uploads\/2025\/02\/20250131_162537-768x432.jpg 768w, https:\/\/xn--rndeskytteforening-g4b.dk\/wp-content\/uploads\/2025\/02\/20250131_162537-1536x865.jpg 1536w, https:\/\/xn--rndeskytteforening-g4b.dk\/wp-content\/uploads\/2025\/02\/20250131_162537-2048x1153.jpg 2048w\" sizes=\"auto, (max-width: 767px) 89vw, (max-width: 1000px) 54vw, (max-width: 1071px) 543px, 580px\" \/><\/figure>\n<\/div>\n\n\n\n<div class=\"wp-block-column is-layout-flow wp-block-column-is-layout-flow\">\n<figure class=\"wp-block-image size-large is-resized\"><img loading=\"lazy\" decoding=\"async\" width=\"1024\" height=\"683\" src=\"http:\/\/xn--rndeskytteforening-g4b.dk\/wp-content\/uploads\/2025\/01\/DSC_8375-1024x683.jpg\" alt=\"\" class=\"wp-image-148\" style=\"width:172px;height:auto\" srcset=\"https:\/\/xn--rndeskytteforening-g4b.dk\/wp-content\/uploads\/2025\/01\/DSC_8375-1024x683.jpg 1024w, https:\/\/xn--rndeskytteforening-g4b.dk\/wp-content\/uploads\/2025\/01\/DSC_8375-300x200.jpg 300w, https:\/\/xn--rndeskytteforening-g4b.dk\/wp-content\/uploads\/2025\/01\/DSC_8375-768x512.jpg 768w, https:\/\/xn--rndeskytteforening-g4b.dk\/wp-content\/uploads\/2025\/01\/DSC_8375-1536x1024.jpg 1536w, https:\/\/xn--rndeskytteforening-g4b.dk\/wp-content\/uploads\/2025\/01\/DSC_8375-2048x1365.jpg 2048w\" sizes=\"auto, (max-width: 767px) 89vw, (max-width: 1000px) 54vw, (max-width: 1071px) 543px, 580px\" \/><\/figure>\n<\/div>\n<\/div>\n\n\n<p>Uanset om man skyder for sjov eller har ambitioner om at vinde diverse konkurrencer, s\u00e5 er R\u00f8nde Skytteforening et godt udgangspunkt.<\/p>\n<p>&nbsp;<\/p>","protected":false},"excerpt":{"rendered":"<p>R\u00f8nde Skytteforening er for dig, som vil dyrke en utraditionel sport, hvor det ikke n\u00f8dvendigvis er fysisk styrke, men psykisk balance og en god koncentration, der afg\u00f8r resultatet. Uanset om du har lyst til at skyde med pistol eller riffel, er du altid velkommen, s\u00e5 du kan se, om\u00a0 det er en sport for dig. &hellip; <\/p>\n<p class=\"link-more\"><a href=\"https:\/\/xn--rndeskytteforening-g4b.dk\/\" class=\"more-link\">L\u00e6s videre<span class=\"screen-reader-text\"> &#8220;R\u00f8nde Skytteforening&#8221;<\/span><\/a><\/p>\n","protected":false},"author":1,"featured_media":0,"parent":0,"menu_order":0,"comment_status":"closed","ping_status":"closed","template":"","meta":{"footnotes":""},"class_list":["post-27","page","type-page","status-publish","hentry"],"_links":{"self":[{"href":"https:\/\/xn--rndeskytteforening-g4b.dk\/index.php\/wp-json\/wp\/v2\/pages\/27","targetHints":{"allow":["GET"]}}],"collection":[{"href":"https:\/\/xn--rndeskytteforening-g4b.dk\/index.php\/wp-json\/wp\/v2\/pages"}],"about":[{"href":"https:\/\/xn--rndeskytteforening-g4b.dk\/index.php\/wp-json\/wp\/v2\/types\/page"}],"author":[{"embeddable":true,"href":"https:\/\/xn--rndeskytteforening-g4b.dk\/index.php\/wp-json\/wp\/v2\/users\/1"}],"replies":[{"embeddable":true,"href":"https:\/\/xn--rndeskytteforening-g4b.dk\/index.php\/wp-json\/wp\/v2\/comments?post=27"}],"version-history":[{"count":22,"href":"https:\/\/xn--rndeskytteforening-g4b.dk\/index.php\/wp-json\/wp\/v2\/pages\/27\/revisions"}],"predecessor-version":[{"id":208,"href":"https:\/\/xn--rndeskytteforening-g4b.dk\/index.php\/wp-json\/wp\/v2\/pages\/27\/revisions\/208"}],"wp:attachment":[{"href":"https:\/\/xn--rndeskytteforening-g4b.dk\/index.php\/wp-json\/wp\/v2\/media?parent=27"}],"curies":[{"name":"wp","href":"https:\/\/api.w.org\/{rel}","templated":true}]}}