{"id":31,"date":"2025-01-16T18:33:10","date_gmt":"2025-01-16T17:33:10","guid":{"rendered":"https:\/\/xn--rndeskytteforening-g4b.dk\/?page_id=31"},"modified":"2025-02-07T14:24:20","modified_gmt":"2025-02-07T13:24:20","slug":"om-roende-skytteforening","status":"publish","type":"page","link":"https:\/\/xn--rndeskytteforening-g4b.dk\/index.php\/om-roende-skytteforening\/","title":{"rendered":"Om R\u00f8nde Skytteforening"},"content":{"rendered":"<p>R\u00f8nde Skytteforening har til huse i egne lokaler beliggende p\u00e5 Strandvejen 6b, 8410 R\u00f8nde. Vi har 15m indend\u00f8rsbaner samt 25m og 50m udend\u00f8rsbaner. Herudover har vi en udend\u00f8rs Airsoft bane.<\/p>\n<p>&nbsp;<\/p>\n\n\n<figure class=\"wp-block-image size-large\"><img loading=\"lazy\" decoding=\"async\" width=\"1024\" height=\"493\" src=\"http:\/\/xn--rndeskytteforening-g4b.dk\/wp-content\/uploads\/2025\/01\/DSC_8589-1024x493.jpg\" alt=\"\" class=\"wp-image-166\" srcset=\"https:\/\/xn--rndeskytteforening-g4b.dk\/wp-content\/uploads\/2025\/01\/DSC_8589-1024x493.jpg 1024w, https:\/\/xn--rndeskytteforening-g4b.dk\/wp-content\/uploads\/2025\/01\/DSC_8589-300x144.jpg 300w, https:\/\/xn--rndeskytteforening-g4b.dk\/wp-content\/uploads\/2025\/01\/DSC_8589-768x370.jpg 768w, https:\/\/xn--rndeskytteforening-g4b.dk\/wp-content\/uploads\/2025\/01\/DSC_8589-1536x739.jpg 1536w, https:\/\/xn--rndeskytteforening-g4b.dk\/wp-content\/uploads\/2025\/01\/DSC_8589-2048x986.jpg 2048w\" sizes=\"auto, (max-width: 767px) 89vw, (max-width: 1000px) 54vw, (max-width: 1071px) 543px, 580px\" \/><figcaption class=\"wp-element-caption\">15m indend\u00f8rsbane<\/figcaption><\/figure>\n\n\n<p>Udover at skyde p\u00e5 vores egne baner, deltager vi i konkurrencer i en r\u00e6kke discipliner p\u00e5 andre baneanl\u00e6g f.eks i terr\u00e6nskydninger p\u00e5 pistol og gev\u00e6r, terr\u00e6nskydning med salonriffel, langdistance med riffel, jagtfeltskydninger og mange andre ting.<\/p>\n\n\n<figure class=\"wp-block-video\"><video height=\"1080\" style=\"aspect-ratio: 1920 \/ 1080;\" width=\"1920\" controls src=\"https:\/\/xn--rndeskytteforening-g4b.dk\/wp-content\/uploads\/2025\/02\/Airsort_Roende.mp4\"><\/video><figcaption class=\"wp-element-caption\">Airsoft<\/figcaption><\/figure>\n\n\n\n<figure class=\"wp-block-image size-large\"><img loading=\"lazy\" decoding=\"async\" width=\"1024\" height=\"768\" src=\"https:\/\/xn--rndeskytteforening-g4b.dk\/wp-content\/uploads\/2025\/02\/20230407_143330-1024x768.jpg\" alt=\"\" class=\"wp-image-224\" srcset=\"https:\/\/xn--rndeskytteforening-g4b.dk\/wp-content\/uploads\/2025\/02\/20230407_143330-1024x768.jpg 1024w, https:\/\/xn--rndeskytteforening-g4b.dk\/wp-content\/uploads\/2025\/02\/20230407_143330-300x225.jpg 300w, https:\/\/xn--rndeskytteforening-g4b.dk\/wp-content\/uploads\/2025\/02\/20230407_143330-768x576.jpg 768w, https:\/\/xn--rndeskytteforening-g4b.dk\/wp-content\/uploads\/2025\/02\/20230407_143330-1536x1152.jpg 1536w, https:\/\/xn--rndeskytteforening-g4b.dk\/wp-content\/uploads\/2025\/02\/20230407_143330-2048x1536.jpg 2048w\" sizes=\"auto, (max-width: 767px) 89vw, (max-width: 1000px) 54vw, (max-width: 1071px) 543px, 580px\" \/><figcaption class=\"wp-element-caption\">Terr\u00e6nskydning p\u00e5 pistol<\/figcaption><\/figure>\n\n\n\n<figure class=\"wp-block-image size-large\"><img loading=\"lazy\" decoding=\"async\" width=\"1024\" height=\"577\" src=\"https:\/\/xn--rndeskytteforening-g4b.dk\/wp-content\/uploads\/2025\/02\/20241118_125945-1024x577.jpg\" alt=\"\" class=\"wp-image-226\" srcset=\"https:\/\/xn--rndeskytteforening-g4b.dk\/wp-content\/uploads\/2025\/02\/20241118_125945-1024x577.jpg 1024w, https:\/\/xn--rndeskytteforening-g4b.dk\/wp-content\/uploads\/2025\/02\/20241118_125945-300x169.jpg 300w, https:\/\/xn--rndeskytteforening-g4b.dk\/wp-content\/uploads\/2025\/02\/20241118_125945-768x432.jpg 768w, https:\/\/xn--rndeskytteforening-g4b.dk\/wp-content\/uploads\/2025\/02\/20241118_125945-1536x865.jpg 1536w, https:\/\/xn--rndeskytteforening-g4b.dk\/wp-content\/uploads\/2025\/02\/20241118_125945-2048x1153.jpg 2048w\" sizes=\"auto, (max-width: 767px) 89vw, (max-width: 1000px) 54vw, (max-width: 1071px) 543px, 580px\" \/><figcaption class=\"wp-element-caption\">Skydning p\u00e5 baneanl\u00e6g i Vingsted<\/figcaption><\/figure>\n","protected":false},"excerpt":{"rendered":"<p>R\u00f8nde Skytteforening har til huse i egne lokaler beliggende p\u00e5 Strandvejen 6b, 8410 R\u00f8nde. Vi har 15m indend\u00f8rsbaner samt 25m og 50m udend\u00f8rsbaner. Herudover har vi en udend\u00f8rs Airsoft bane. &nbsp; Udover at skyde p\u00e5 vores egne baner, deltager vi i konkurrencer i en r\u00e6kke discipliner p\u00e5 andre baneanl\u00e6g f.eks i terr\u00e6nskydninger p\u00e5 pistol og &hellip; <\/p>\n<p class=\"link-more\"><a href=\"https:\/\/xn--rndeskytteforening-g4b.dk\/index.php\/om-roende-skytteforening\/\" class=\"more-link\">L\u00e6s videre<span class=\"screen-reader-text\"> &#8220;Om R\u00f8nde Skytteforening&#8221;<\/span><\/a><\/p>\n","protected":false},"author":1,"featured_media":0,"parent":0,"menu_order":0,"comment_status":"closed","ping_status":"closed","template":"","meta":{"footnotes":""},"class_list":["post-31","page","type-page","status-publish","hentry"],"_links":{"self":[{"href":"https:\/\/xn--rndeskytteforening-g4b.dk\/index.php\/wp-json\/wp\/v2\/pages\/31","targetHints":{"allow":["GET"]}}],"collection":[{"href":"https:\/\/xn--rndeskytteforening-g4b.dk\/index.php\/wp-json\/wp\/v2\/pages"}],"about":[{"href":"https:\/\/xn--rndeskytteforening-g4b.dk\/index.php\/wp-json\/wp\/v2\/types\/page"}],"author":[{"embeddable":true,"href":"https:\/\/xn--rndeskytteforening-g4b.dk\/index.php\/wp-json\/wp\/v2\/users\/1"}],"replies":[{"embeddable":true,"href":"https:\/\/xn--rndeskytteforening-g4b.dk\/index.php\/wp-json\/wp\/v2\/comments?post=31"}],"version-history":[{"count":9,"href":"https:\/\/xn--rndeskytteforening-g4b.dk\/index.php\/wp-json\/wp\/v2\/pages\/31\/revisions"}],"predecessor-version":[{"id":228,"href":"https:\/\/xn--rndeskytteforening-g4b.dk\/index.php\/wp-json\/wp\/v2\/pages\/31\/revisions\/228"}],"wp:attachment":[{"href":"https:\/\/xn--rndeskytteforening-g4b.dk\/index.php\/wp-json\/wp\/v2\/media?parent=31"}],"curies":[{"name":"wp","href":"https:\/\/api.w.org\/{rel}","templated":true}]}}