{"id":33,"date":"2025-01-16T18:33:47","date_gmt":"2025-01-16T17:33:47","guid":{"rendered":"https:\/\/xn--rndeskytteforening-g4b.dk\/?page_id=33"},"modified":"2025-02-06T12:54:19","modified_gmt":"2025-02-06T11:54:19","slug":"hvornaar-skyder-vi","status":"publish","type":"page","link":"https:\/\/xn--rndeskytteforening-g4b.dk\/index.php\/hvornaar-skyder-vi\/","title":{"rendered":"Hvorn\u00e5r skyder vi ?"},"content":{"rendered":"<p>Skytteforeningen har \u00e5ben<\/p>\n<p style=\"text-align: center;\">Mandag kl 19-21<\/p>\n<p style=\"text-align: center;\">Onsdage kl 19-21<\/p>\n<p>I sommerperioden, hvor vi skyder p\u00e5 de udend\u00f8rsbaner, starter vi \u00bd time tidligere af hensyn til lyset. Sommerperioden f\u00f8lger nogenlunde sommertiden, men det vil fremg\u00e5 af vores facebookside &#8216;R\u00f8ndeskytteforening&#8217;.<\/p>\n\n\n<p><\/p>\n","protected":false},"excerpt":{"rendered":"<p>Skytteforeningen har \u00e5ben Mandag kl 19-21 Onsdage kl 19-21 I sommerperioden, hvor vi skyder p\u00e5 de udend\u00f8rsbaner, starter vi \u00bd time tidligere af hensyn til lyset. Sommerperioden f\u00f8lger nogenlunde sommertiden, men det vil fremg\u00e5 af vores facebookside &#8216;R\u00f8ndeskytteforening&#8217;.<\/p>\n","protected":false},"author":1,"featured_media":0,"parent":0,"menu_order":0,"comment_status":"closed","ping_status":"closed","template":"","meta":{"footnotes":""},"class_list":["post-33","page","type-page","status-publish","hentry"],"_links":{"self":[{"href":"https:\/\/xn--rndeskytteforening-g4b.dk\/index.php\/wp-json\/wp\/v2\/pages\/33","targetHints":{"allow":["GET"]}}],"collection":[{"href":"https:\/\/xn--rndeskytteforening-g4b.dk\/index.php\/wp-json\/wp\/v2\/pages"}],"about":[{"href":"https:\/\/xn--rndeskytteforening-g4b.dk\/index.php\/wp-json\/wp\/v2\/types\/page"}],"author":[{"embeddable":true,"href":"https:\/\/xn--rndeskytteforening-g4b.dk\/index.php\/wp-json\/wp\/v2\/users\/1"}],"replies":[{"embeddable":true,"href":"https:\/\/xn--rndeskytteforening-g4b.dk\/index.php\/wp-json\/wp\/v2\/comments?post=33"}],"version-history":[{"count":4,"href":"https:\/\/xn--rndeskytteforening-g4b.dk\/index.php\/wp-json\/wp\/v2\/pages\/33\/revisions"}],"predecessor-version":[{"id":218,"href":"https:\/\/xn--rndeskytteforening-g4b.dk\/index.php\/wp-json\/wp\/v2\/pages\/33\/revisions\/218"}],"wp:attachment":[{"href":"https:\/\/xn--rndeskytteforening-g4b.dk\/index.php\/wp-json\/wp\/v2\/media?parent=33"}],"curies":[{"name":"wp","href":"https:\/\/api.w.org\/{rel}","templated":true}]}}