{"id":35,"date":"2025-01-16T18:34:37","date_gmt":"2025-01-16T17:34:37","guid":{"rendered":"https:\/\/xn--rndeskytteforening-g4b.dk\/?page_id=35"},"modified":"2025-01-31T12:37:46","modified_gmt":"2025-01-31T11:37:46","slug":"kan-jeg-proeve-at-skyde","status":"publish","type":"page","link":"https:\/\/xn--rndeskytteforening-g4b.dk\/index.php\/kan-jeg-proeve-at-skyde\/","title":{"rendered":"Kan jeg pr\u00f8ve at skyde ?"},"content":{"rendered":"\n<figure class=\"wp-block-image size-large\"><img loading=\"lazy\" decoding=\"async\" width=\"1024\" height=\"489\" src=\"https:\/\/xn--rndeskytteforening-g4b.dk\/wp-content\/uploads\/2025\/01\/IMG_8103-1024x489.jpg\" alt=\"\" class=\"wp-image-183\" srcset=\"https:\/\/xn--rndeskytteforening-g4b.dk\/wp-content\/uploads\/2025\/01\/IMG_8103-1024x489.jpg 1024w, https:\/\/xn--rndeskytteforening-g4b.dk\/wp-content\/uploads\/2025\/01\/IMG_8103-300x143.jpg 300w, https:\/\/xn--rndeskytteforening-g4b.dk\/wp-content\/uploads\/2025\/01\/IMG_8103-768x367.jpg 768w, https:\/\/xn--rndeskytteforening-g4b.dk\/wp-content\/uploads\/2025\/01\/IMG_8103-1536x734.jpg 1536w, https:\/\/xn--rndeskytteforening-g4b.dk\/wp-content\/uploads\/2025\/01\/IMG_8103-2048x979.jpg 2048w\" sizes=\"auto, (max-width: 767px) 89vw, (max-width: 1000px) 54vw, (max-width: 1071px) 543px, 580px\" \/><\/figure>\n\n\n<p>Er du interesseret i, om skydning er noget for dig eller dine b\u00f8rn, s\u00e5 er du velkommen til at kigge forbi skytteforeningen, og pr\u00f8ve at skyde.<\/p>\n<p>Du kan ringe og aftale med kontaktpersonerne, eller du kan blot m\u00f8de op p\u00e5 en klubaften.<\/p>\n<p>Du skal have instruktion i skydning, v\u00e5benh\u00e5ndtering og sikkerhed af vores instrukt\u00f8rer, og du skal blot betale for forbrug af skiver og ammunition.<\/p>\n<p>Skytteforeningen stiller gratis v\u00e5ben til r\u00e5dighed.<\/p>\n<p>\u00d8nsker du at blive medlem, udfyldes en indmeldelses blanket, ligesom der skal s\u00f8ges en vandelsgodkendelse hos politiet s\u00e5fremt du er fyldt 15 \u00e5r (gratis).<\/p>\n\n\n<p><\/p>\n","protected":false},"excerpt":{"rendered":"<p>Er du interesseret i, om skydning er noget for dig eller dine b\u00f8rn, s\u00e5 er du velkommen til at kigge forbi skytteforeningen, og pr\u00f8ve at skyde. Du kan ringe og aftale med kontaktpersonerne, eller du kan blot m\u00f8de op p\u00e5 en klubaften. Du skal have instruktion i skydning, v\u00e5benh\u00e5ndtering og sikkerhed af vores instrukt\u00f8rer, og &hellip; <\/p>\n<p class=\"link-more\"><a href=\"https:\/\/xn--rndeskytteforening-g4b.dk\/index.php\/kan-jeg-proeve-at-skyde\/\" class=\"more-link\">L\u00e6s videre<span class=\"screen-reader-text\"> &#8220;Kan jeg pr\u00f8ve at skyde ?&#8221;<\/span><\/a><\/p>\n","protected":false},"author":1,"featured_media":0,"parent":0,"menu_order":0,"comment_status":"closed","ping_status":"closed","template":"","meta":{"footnotes":""},"class_list":["post-35","page","type-page","status-publish","hentry"],"_links":{"self":[{"href":"https:\/\/xn--rndeskytteforening-g4b.dk\/index.php\/wp-json\/wp\/v2\/pages\/35","targetHints":{"allow":["GET"]}}],"collection":[{"href":"https:\/\/xn--rndeskytteforening-g4b.dk\/index.php\/wp-json\/wp\/v2\/pages"}],"about":[{"href":"https:\/\/xn--rndeskytteforening-g4b.dk\/index.php\/wp-json\/wp\/v2\/types\/page"}],"author":[{"embeddable":true,"href":"https:\/\/xn--rndeskytteforening-g4b.dk\/index.php\/wp-json\/wp\/v2\/users\/1"}],"replies":[{"embeddable":true,"href":"https:\/\/xn--rndeskytteforening-g4b.dk\/index.php\/wp-json\/wp\/v2\/comments?post=35"}],"version-history":[{"count":8,"href":"https:\/\/xn--rndeskytteforening-g4b.dk\/index.php\/wp-json\/wp\/v2\/pages\/35\/revisions"}],"predecessor-version":[{"id":199,"href":"https:\/\/xn--rndeskytteforening-g4b.dk\/index.php\/wp-json\/wp\/v2\/pages\/35\/revisions\/199"}],"wp:attachment":[{"href":"https:\/\/xn--rndeskytteforening-g4b.dk\/index.php\/wp-json\/wp\/v2\/media?parent=35"}],"curies":[{"name":"wp","href":"https:\/\/api.w.org\/{rel}","templated":true}]}}