{"id":60,"date":"2025-01-21T16:03:12","date_gmt":"2025-01-21T15:03:12","guid":{"rendered":"https:\/\/xn--rndeskytteforening-g4b.dk\/?page_id=60"},"modified":"2025-01-29T13:04:10","modified_gmt":"2025-01-29T12:04:10","slug":"hvem-kan-gaa-til-skydning","status":"publish","type":"page","link":"https:\/\/xn--rndeskytteforening-g4b.dk\/index.php\/hvem-kan-gaa-til-skydning\/","title":{"rendered":"Hvem kan g\u00e5 til skydning ?"},"content":{"rendered":"<p>Skydning er for hele familien, og b\u00f8rn ned til omkring 10 \u00e5rs alderen kan begynde at skyde under kyndig vejledning.<\/p>\n<p>Der findes en lang r\u00e6kke muligheder indenfor skydning, og der er sikkert ogs\u00e5 en mulighed for dig, hvad enten det g\u00e6lder gev\u00e6rskydning eller pistolskydning, om det er p\u00e5 &#8216;hygge&#8217;-plan eller det er p\u00e5 h\u00f8jt konkurrence niveau.<\/p>\n<p>\u00d8nsker man at skyde gev\u00e6r er det en salonriffel eller et luftgev\u00e6r, det drejer sig om. \u00d8nsker man at skyde pistol er det i f\u00f8rste omgang en luftpistol eller en cal. 22 pistol der er i spil. Herefter kan man fors\u00f8ge sig med st\u00f8rre kalibre.<\/p>\n<p>Udover skydning p\u00e5 vores faste baner, er der mulighed for at deltage i terr\u00e6nskyninger &#8211; ogs\u00e5 kaldet feltskydninger, hvor man g\u00e5r rundt i et terr\u00e6n til forskellige poster og skyder p\u00e5 m\u00e5l p\u00e5 forskellige afstande. Det g\u00e6lder b\u00e5de for riffel og pistol.<\/p>\n<p>Du beh\u00f8ves ikke at investerer i dyre v\u00e5ben, men kan l\u00e5ne dem i klubben ganske gratis. De fleste foretr\u00e6kker dog over tid at anskaffe egne private v\u00e5ben.<\/p>\n","protected":false},"excerpt":{"rendered":"<p>Skydning er for hele familien, og b\u00f8rn ned til omkring 10 \u00e5rs alderen kan begynde at skyde under kyndig vejledning. Der findes en lang r\u00e6kke muligheder indenfor skydning, og der er sikkert ogs\u00e5 en mulighed for dig, hvad enten det g\u00e6lder gev\u00e6rskydning eller pistolskydning, om det er p\u00e5 &#8216;hygge&#8217;-plan eller det er p\u00e5 h\u00f8jt konkurrence &hellip; <\/p>\n<p class=\"link-more\"><a href=\"https:\/\/xn--rndeskytteforening-g4b.dk\/index.php\/hvem-kan-gaa-til-skydning\/\" class=\"more-link\">L\u00e6s videre<span class=\"screen-reader-text\"> &#8220;Hvem kan g\u00e5 til skydning ?&#8221;<\/span><\/a><\/p>\n","protected":false},"author":1,"featured_media":0,"parent":0,"menu_order":0,"comment_status":"closed","ping_status":"closed","template":"","meta":{"footnotes":""},"class_list":["post-60","page","type-page","status-publish","hentry"],"_links":{"self":[{"href":"https:\/\/xn--rndeskytteforening-g4b.dk\/index.php\/wp-json\/wp\/v2\/pages\/60","targetHints":{"allow":["GET"]}}],"collection":[{"href":"https:\/\/xn--rndeskytteforening-g4b.dk\/index.php\/wp-json\/wp\/v2\/pages"}],"about":[{"href":"https:\/\/xn--rndeskytteforening-g4b.dk\/index.php\/wp-json\/wp\/v2\/types\/page"}],"author":[{"embeddable":true,"href":"https:\/\/xn--rndeskytteforening-g4b.dk\/index.php\/wp-json\/wp\/v2\/users\/1"}],"replies":[{"embeddable":true,"href":"https:\/\/xn--rndeskytteforening-g4b.dk\/index.php\/wp-json\/wp\/v2\/comments?post=60"}],"version-history":[{"count":5,"href":"https:\/\/xn--rndeskytteforening-g4b.dk\/index.php\/wp-json\/wp\/v2\/pages\/60\/revisions"}],"predecessor-version":[{"id":190,"href":"https:\/\/xn--rndeskytteforening-g4b.dk\/index.php\/wp-json\/wp\/v2\/pages\/60\/revisions\/190"}],"wp:attachment":[{"href":"https:\/\/xn--rndeskytteforening-g4b.dk\/index.php\/wp-json\/wp\/v2\/media?parent=60"}],"curies":[{"name":"wp","href":"https:\/\/api.w.org\/{rel}","templated":true}]}}